{"id":3396,"date":"2024-10-31T13:48:59","date_gmt":"2024-10-31T13:48:59","guid":{"rendered":"https:\/\/schlosshotel.schlosshotel-ischgl.com\/nightlife\/champagne-hut\/"},"modified":"2026-03-23T13:35:22","modified_gmt":"2026-03-23T13:35:22","slug":"champagnerhuette","status":"publish","type":"page","link":"https:\/\/www.schlosshotel-ischgl.com\/en\/nightlife\/champagnerhuette\/","title":{"rendered":"Champagne hut"},"content":{"rendered":"","protected":false},"excerpt":{"rendered":"","protected":false},"author":1,"featured_media":0,"parent":3373,"menu_order":5,"comment_status":"closed","ping_status":"closed","template":"","meta":{"_acf_changed":false},"class_list":["post-3396","page","type-page","status-publish","hentry"],"acf":[],"yoast_head":"<!-- This site is optimized with the Yoast SEO plugin v27.3 - https:\/\/yoast.com\/product\/yoast-seo-wordpress\/ -->\n<title>Champagne hut Ischgl | Apr\u00e8s-Ski Ischgl | Schlosshotel Ischgl<\/title>\n<meta name=\"description\" content=\"Apr\u00e8s-ski in Ischgl at its best: experience unforgettable apr\u00e8s-ski parties in the Champagnerh\u00fctte Ischgl in the Schlosshotel Ischgl.\" \/>\n<meta name=\"robots\" content=\"index, follow, max-snippet:-1, max-image-preview:large, max-video-preview:-1\" \/>\n<link rel=\"canonical\" href=\"https:\/\/www.schlosshotel-ischgl.com\/en\/nightlife\/champagnerhuette\/\" \/>\n<meta property=\"og:locale\" content=\"en_US\" \/>\n<meta property=\"og:type\" content=\"article\" \/>\n<meta property=\"og:title\" content=\"Champagne hut Ischgl | Apr\u00e8s-Ski Ischgl | Schlosshotel Ischgl\" \/>\n<meta property=\"og:description\" content=\"Apr\u00e8s-ski in Ischgl at its best: experience unforgettable apr\u00e8s-ski parties in the Champagnerh\u00fctte Ischgl in the Schlosshotel Ischgl.\" \/>\n<meta property=\"og:url\" content=\"https:\/\/www.schlosshotel-ischgl.com\/en\/nightlife\/champagnerhuette\/\" \/>\n<meta property=\"og:site_name\" content=\"Schlosshotel\" \/>\n<meta property=\"article:modified_time\" content=\"2026-03-23T13:35:22+00:00\" \/>\n<meta name=\"twitter:card\" content=\"summary_large_image\" \/>\n<script type=\"application\/ld+json\" class=\"yoast-schema-graph\">{\"@context\":\"https:\\\/\\\/schema.org\",\"@graph\":[{\"@type\":\"WebPage\",\"@id\":\"https:\\\/\\\/www.schlosshotel-ischgl.com\\\/en\\\/nightlife\\\/champagnerhuette\\\/\",\"url\":\"https:\\\/\\\/www.schlosshotel-ischgl.com\\\/en\\\/nightlife\\\/champagnerhuette\\\/\",\"name\":\"Champagne hut Ischgl | Apr\u00e8s-Ski Ischgl | Schlosshotel Ischgl\",\"isPartOf\":{\"@id\":\"https:\\\/\\\/schlosshotel.schlosshotel-ischgl.com\\\/en\\\/#website\"},\"datePublished\":\"2024-10-31T13:48:59+00:00\",\"dateModified\":\"2026-03-23T13:35:22+00:00\",\"description\":\"Apr\u00e8s-ski in Ischgl at its best: experience unforgettable apr\u00e8s-ski parties in the Champagnerh\u00fctte Ischgl in the Schlosshotel Ischgl.\",\"breadcrumb\":{\"@id\":\"https:\\\/\\\/www.schlosshotel-ischgl.com\\\/en\\\/nightlife\\\/champagnerhuette\\\/#breadcrumb\"},\"inLanguage\":\"en-US\",\"potentialAction\":[{\"@type\":\"ReadAction\",\"target\":[\"https:\\\/\\\/www.schlosshotel-ischgl.com\\\/en\\\/nightlife\\\/champagnerhuette\\\/\"]}]},{\"@type\":\"BreadcrumbList\",\"@id\":\"https:\\\/\\\/www.schlosshotel-ischgl.com\\\/en\\\/nightlife\\\/champagnerhuette\\\/#breadcrumb\",\"itemListElement\":[{\"@type\":\"ListItem\",\"position\":1,\"name\":\"Home\",\"item\":\"https:\\\/\\\/www.schlosshotel-ischgl.com\\\/en\\\/home-page\\\/\"},{\"@type\":\"ListItem\",\"position\":2,\"name\":\"Nightlife\",\"item\":\"https:\\\/\\\/www.schlosshotel-ischgl.com\\\/en\\\/nightlife\\\/\"},{\"@type\":\"ListItem\",\"position\":3,\"name\":\"Champagne hut\"}]},{\"@type\":\"WebSite\",\"@id\":\"https:\\\/\\\/schlosshotel.schlosshotel-ischgl.com\\\/en\\\/#website\",\"url\":\"https:\\\/\\\/schlosshotel.schlosshotel-ischgl.com\\\/en\\\/\",\"name\":\"Schlosshotel\",\"description\":\"\",\"potentialAction\":[{\"@type\":\"SearchAction\",\"target\":{\"@type\":\"EntryPoint\",\"urlTemplate\":\"https:\\\/\\\/schlosshotel.schlosshotel-ischgl.com\\\/en\\\/?s={search_term_string}\"},\"query-input\":{\"@type\":\"PropertyValueSpecification\",\"valueRequired\":true,\"valueName\":\"search_term_string\"}}],\"inLanguage\":\"en-US\"}]}<\/script>\n<!-- \/ Yoast SEO plugin. -->","yoast_head_json":{"title":"Champagne hut Ischgl | Apr\u00e8s-Ski Ischgl | Schlosshotel Ischgl","description":"Apr\u00e8s-ski in Ischgl at its best: experience unforgettable apr\u00e8s-ski parties in the Champagnerh\u00fctte Ischgl in the Schlosshotel Ischgl.","robots":{"index":"index","follow":"follow","max-snippet":"max-snippet:-1","max-image-preview":"max-image-preview:large","max-video-preview":"max-video-preview:-1"},"canonical":"https:\/\/www.schlosshotel-ischgl.com\/en\/nightlife\/champagnerhuette\/","og_locale":"en_US","og_type":"article","og_title":"Champagne hut Ischgl | Apr\u00e8s-Ski Ischgl | Schlosshotel Ischgl","og_description":"Apr\u00e8s-ski in Ischgl at its best: experience unforgettable apr\u00e8s-ski parties in the Champagnerh\u00fctte Ischgl in the Schlosshotel Ischgl.","og_url":"https:\/\/www.schlosshotel-ischgl.com\/en\/nightlife\/champagnerhuette\/","og_site_name":"Schlosshotel","article_modified_time":"2026-03-23T13:35:22+00:00","twitter_card":"summary_large_image","schema":{"@context":"https:\/\/schema.org","@graph":[{"@type":"WebPage","@id":"https:\/\/www.schlosshotel-ischgl.com\/en\/nightlife\/champagnerhuette\/","url":"https:\/\/www.schlosshotel-ischgl.com\/en\/nightlife\/champagnerhuette\/","name":"Champagne hut Ischgl | Apr\u00e8s-Ski Ischgl | Schlosshotel Ischgl","isPartOf":{"@id":"https:\/\/schlosshotel.schlosshotel-ischgl.com\/en\/#website"},"datePublished":"2024-10-31T13:48:59+00:00","dateModified":"2026-03-23T13:35:22+00:00","description":"Apr\u00e8s-ski in Ischgl at its best: experience unforgettable apr\u00e8s-ski parties in the Champagnerh\u00fctte Ischgl in the Schlosshotel Ischgl.","breadcrumb":{"@id":"https:\/\/www.schlosshotel-ischgl.com\/en\/nightlife\/champagnerhuette\/#breadcrumb"},"inLanguage":"en-US","potentialAction":[{"@type":"ReadAction","target":["https:\/\/www.schlosshotel-ischgl.com\/en\/nightlife\/champagnerhuette\/"]}]},{"@type":"BreadcrumbList","@id":"https:\/\/www.schlosshotel-ischgl.com\/en\/nightlife\/champagnerhuette\/#breadcrumb","itemListElement":[{"@type":"ListItem","position":1,"name":"Home","item":"https:\/\/www.schlosshotel-ischgl.com\/en\/home-page\/"},{"@type":"ListItem","position":2,"name":"Nightlife","item":"https:\/\/www.schlosshotel-ischgl.com\/en\/nightlife\/"},{"@type":"ListItem","position":3,"name":"Champagne hut"}]},{"@type":"WebSite","@id":"https:\/\/schlosshotel.schlosshotel-ischgl.com\/en\/#website","url":"https:\/\/schlosshotel.schlosshotel-ischgl.com\/en\/","name":"Schlosshotel","description":"","potentialAction":[{"@type":"SearchAction","target":{"@type":"EntryPoint","urlTemplate":"https:\/\/schlosshotel.schlosshotel-ischgl.com\/en\/?s={search_term_string}"},"query-input":{"@type":"PropertyValueSpecification","valueRequired":true,"valueName":"search_term_string"}}],"inLanguage":"en-US"}]}},"_links":{"self":[{"href":"https:\/\/schlosshotel.schlosshotel-ischgl.com\/en\/wp-json\/wp\/v2\/pages\/3396","targetHints":{"allow":["GET"]}}],"collection":[{"href":"https:\/\/schlosshotel.schlosshotel-ischgl.com\/en\/wp-json\/wp\/v2\/pages"}],"about":[{"href":"https:\/\/schlosshotel.schlosshotel-ischgl.com\/en\/wp-json\/wp\/v2\/types\/page"}],"author":[{"embeddable":true,"href":"https:\/\/schlosshotel.schlosshotel-ischgl.com\/en\/wp-json\/wp\/v2\/users\/1"}],"replies":[{"embeddable":true,"href":"https:\/\/schlosshotel.schlosshotel-ischgl.com\/en\/wp-json\/wp\/v2\/comments?post=3396"}],"version-history":[{"count":6,"href":"https:\/\/schlosshotel.schlosshotel-ischgl.com\/en\/wp-json\/wp\/v2\/pages\/3396\/revisions"}],"predecessor-version":[{"id":4488,"href":"https:\/\/schlosshotel.schlosshotel-ischgl.com\/en\/wp-json\/wp\/v2\/pages\/3396\/revisions\/4488"}],"up":[{"embeddable":true,"href":"https:\/\/schlosshotel.schlosshotel-ischgl.com\/en\/wp-json\/wp\/v2\/pages\/3373"}],"wp:attachment":[{"href":"https:\/\/schlosshotel.schlosshotel-ischgl.com\/en\/wp-json\/wp\/v2\/media?parent=3396"}],"curies":[{"name":"wp","href":"https:\/\/api.w.org\/{rel}","templated":true}]}}